{"id":5381,"date":"2025-07-07T14:46:11","date_gmt":"2025-07-07T17:46:11","guid":{"rendered":"http:\/\/18.210.184.31\/mtp.global\/?page_id=5381"},"modified":"2025-07-07T16:36:51","modified_gmt":"2025-07-07T19:36:51","slug":"fornecedores-2","status":"publish","type":"page","link":"https:\/\/mtp.com.br\/index.php\/fornecedores-2\/","title":{"rendered":"Fornecedores"},"content":{"rendered":"<div id='av_section_1'  class='avia-section av-22qa0a-37465d56f4d4cdb0c451ef7b015b126c main_color avia-section-large avia-no-border-styling  avia-builder-el-0  avia-builder-el-no-sibling  avia-bg-style-scroll container_wrap fullsize'  ><div class='container av-section-cont-open' ><main  role=\"main\" itemprop=\"mainContentOfPage\"  class='template-page content  av-content-full alpha units'><div class='post-entry post-entry-type-page post-entry-5381'><div class='entry-content-wrapper clearfix'>\n\n<style type=\"text\/css\" data-created_by=\"avia_inline_auto\" id=\"style-css-av-lyfsbzd9-94bdd01e3046888d2e11f82e94c04816\">\n#top .av-special-heading.av-lyfsbzd9-94bdd01e3046888d2e11f82e94c04816{\npadding-bottom:10px;\n}\nbody .av-special-heading.av-lyfsbzd9-94bdd01e3046888d2e11f82e94c04816 .av-special-heading-tag .heading-char{\nfont-size:25px;\n}\n.av-special-heading.av-lyfsbzd9-94bdd01e3046888d2e11f82e94c04816 .av-subheading{\nfont-size:15px;\n}\n<\/style>\n<div  class='av-special-heading av-lyfsbzd9-94bdd01e3046888d2e11f82e94c04816 av-special-heading-h1  avia-builder-el-1  el_before_av_one_fifth  avia-builder-el-first '><h1 class='av-special-heading-tag '  itemprop=\"headline\"  >Fornecedores<\/h1><div class=\"special-heading-border\"><div class=\"special-heading-inner-border\"><\/div><\/div><\/div>\n<div  class='flex_column av-cy5c2-6cc72e1ea5a6f36ec5f57b28f734144a av_one_fifth  avia-builder-el-2  el_after_av_heading  el_before_av_three_fifth  first flex_column_div  '     ><\/div>\n<style type=\"text\/css\" data-created_by=\"avia_inline_auto\" id=\"style-css-av-1mxl0i-a72c3bef2ddb6420f423764c3e60d410\">\n.flex_column.av-1mxl0i-a72c3bef2ddb6420f423764c3e60d410{\nborder-radius:0px 0px 0px 0px;\npadding:0px 0px 0px 0px;\n}\n<\/style>\n<div  class='flex_column av-1mxl0i-a72c3bef2ddb6420f423764c3e60d410 av_three_fifth  avia-builder-el-3  el_after_av_one_fifth  el_before_av_one_fifth  flex_column_div av-zero-column-padding  '     ><section  class='av_textblock_section av-1dif4y-87937903caa9546ef732feae0b3614e8 '   itemscope=\"itemscope\" itemtype=\"https:\/\/schema.org\/CreativeWork\" ><div class='avia_textblock'  itemprop=\"text\" ><h3>Avalia\u00e7\u00e3o e Comunica\u00e7\u00e3o aos Fornecedores<\/h3>\n<p>A melhoria cont\u00ednua \u00e9 um dos pilares do Sistema de Gest\u00e3o da MTP, sendo um dos pontos fundamentais a parceria com os nossos fornecedores onde efetuamos a avalia\u00e7\u00e3o dos nossos fornecedores de acordo com os crit\u00e9rios estabelecidos, com o objetivo de podermos dar feedback das nossas necessidades.<\/p>\n<h3>CRIT\u00c9RIOS DE AVALIA\u00c7\u00c3O DE FORNECEDORES<\/h3>\n<p>Os fornecedores da MTP s\u00e3o avaliados de acordo com os 6 (seis) crit\u00e9rios a seguir:<\/p>\n<ul>\n<li>1. Qualidade do produto ou servi\u00e7o<\/li>\n<li>2. Capacidade de Entrega<\/li>\n<li>3. Certifica\u00e7\u00e3o em Normas<\/li>\n<li>4. Pre\u00e7o<\/li>\n<li>5. Entrega de documenta\u00e7\u00e3o (quando aplic\u00e1vel) para Aspectos Ambientais e Sociais<\/li>\n<li>6. Suporte P\u00f3s-Venda<\/li>\n<\/ul>\n<p>A avalia\u00e7\u00e3o \u00e9 efetuada de forma cont\u00ednua e registada semestralmente de acordo com os seguintes graus de satisfa\u00e7\u00e3o:<\/p>\n<table style=\"width:100%; border-collapse:collapse; font-family:Arial,Helvetica,sans-serif;\">\n<thead>\n<tr style=\"background-color:#2271b1; color:#fff;\">\n<th style=\"padding:8px 12px; text-align:left; font-weight:bold;\">Grau de Satisfa\u00e7\u00e3o<\/th>\n<th style=\"padding:8px 12px; text-align:left; font-weight:bold;\">Pontua\u00e7\u00e3o<\/th>\n<\/tr>\n<\/thead>\n<tbody>\n<tr style=\"background-color:#ffffff; color:#333; border-bottom:1px solid #dfe3e6;\">\n<td style=\"padding:8px 12px;\">Nada satisfeito<\/td>\n<td style=\"padding:8px 12px;\">1<\/td>\n<\/tr>\n<tr style=\"background-color:#f5f7f9; color:#333; border-bottom:1px solid #dfe3e6;\">\n<td style=\"padding:8px 12px;\">Pouco satisfeito<\/td>\n<td style=\"padding:8px 12px;\">2<\/td>\n<\/tr>\n<tr style=\"background-color:#ffffff; color:#333; border-bottom:1px solid #dfe3e6;\">\n<td style=\"padding:8px 12px;\">Satisfeito<\/td>\n<td style=\"padding:8px 12px;\">3<\/td>\n<\/tr>\n<tr style=\"background-color:#f5f7f9; color:#333; border-bottom:1px solid #dfe3e6;\">\n<td style=\"padding:8px 12px;\">Muito satisfeito<\/td>\n<td style=\"padding:8px 12px;\">4<\/td>\n<\/tr>\n<tr style=\"background-color:#ffffff; color:#333;\">\n<td style=\"padding:8px 12px;\">Totalmente satisfeito<\/td>\n<td style=\"padding:8px 12px;\">5<\/td>\n<\/tr>\n<\/tbody>\n<\/table>\n<h3>COMUNICA\u00c7\u00c3O AO FORNECEDOR SOBRE A AVALIA\u00c7\u00c3O<\/h3>\n<p>A classifica\u00e7\u00e3o dos fornecedores \u00e9 realizada semestralmente. Se um ou mais dos crit\u00e9rios de avalia\u00e7\u00e3o tenha uma pontua\u00e7\u00e3o igual ou inferior a 2 (Pouco Satisfeito), ser\u00e1 comunicado ao fornecedor que efetue a\u00e7\u00f5es corretivas\/melhorias.<\/p>\n<p>Depois das a\u00e7\u00f5es tomadas pelo fornecedor, ser\u00e1 necess\u00e1rio a reclassifica\u00e7\u00e3o e caso n\u00e3o exista melhoria passar\u00e1 de fornecedor regular a fornecedor alternativo (sob condi\u00e7\u00e3o definida pela nossa empresa).<\/p>\n<p>Todos os fornecedores devem cumprir com o <a href=\"https:\/\/mtp.com.br\/codigo-de-conduta-de-fornecedores\">C\u00f3digo de Conduta de Fornecedores MTP<\/a>.<\/p>\n<p>Em caso de d\u00favidas, poder\u00e1 entrar em contato atrav\u00e9s do e-mail <strong>contato@mtp.com.br<\/strong>.<\/p>\n<\/div><\/section><\/div><div  class='flex_column av-t6mi-c6e299cbe0debd6a2100502e31bd6b6a av_one_fifth  avia-builder-el-5  el_after_av_three_fifth  avia-builder-el-last  flex_column_div  '     ><\/div>\n","protected":false},"excerpt":{"rendered":"","protected":false},"author":1,"featured_media":0,"parent":0,"menu_order":20,"comment_status":"closed","ping_status":"closed","template":"","meta":{"footnotes":""},"class_list":["post-5381","page","type-page","status-publish","hentry"],"yoast_head":"<!-- This site is optimized with the Yoast SEO plugin v25.1 - https:\/\/yoast.com\/wordpress\/plugins\/seo\/ -->\n<title>Fornecedores - MTP Global<\/title>\n<meta name=\"robots\" content=\"index, follow, max-snippet:-1, max-image-preview:large, max-video-preview:-1\" \/>\n<link rel=\"canonical\" href=\"https:\/\/mtp.com.br\/index.php\/fornecedores-2\/\" \/>\n<meta property=\"og:locale\" content=\"pt_BR\" \/>\n<meta property=\"og:type\" content=\"article\" \/>\n<meta property=\"og:title\" content=\"Fornecedores - MTP Global\" \/>\n<meta property=\"og:url\" content=\"https:\/\/mtp.com.br\/index.php\/fornecedores-2\/\" \/>\n<meta property=\"og:site_name\" content=\"MTP Global\" \/>\n<meta property=\"article:modified_time\" content=\"2025-07-07T19:36:51+00:00\" \/>\n<meta name=\"twitter:card\" content=\"summary_large_image\" \/>\n<meta name=\"twitter:label1\" content=\"Est. tempo de leitura\" \/>\n\t<meta name=\"twitter:data1\" content=\"2 minutos\" \/>\n<!-- \/ Yoast SEO plugin. -->","yoast_head_json":{"title":"Fornecedores - MTP Global","robots":{"index":"index","follow":"follow","max-snippet":"max-snippet:-1","max-image-preview":"max-image-preview:large","max-video-preview":"max-video-preview:-1"},"canonical":"https:\/\/mtp.com.br\/index.php\/fornecedores-2\/","og_locale":"pt_BR","og_type":"article","og_title":"Fornecedores - MTP Global","og_url":"https:\/\/mtp.com.br\/index.php\/fornecedores-2\/","og_site_name":"MTP Global","article_modified_time":"2025-07-07T19:36:51+00:00","twitter_card":"summary_large_image","twitter_misc":{"Est. tempo de leitura":"2 minutos"},"schema":{"@context":"https:\/\/schema.org","@graph":[{"@type":"WebPage","@id":"https:\/\/mtp.com.br\/index.php\/fornecedores-2\/","url":"https:\/\/mtp.com.br\/index.php\/fornecedores-2\/","name":"Fornecedores - MTP Global","isPartOf":{"@id":"https:\/\/mtp.com.br\/#website"},"datePublished":"2025-07-07T17:46:11+00:00","dateModified":"2025-07-07T19:36:51+00:00","breadcrumb":{"@id":"https:\/\/mtp.com.br\/index.php\/fornecedores-2\/#breadcrumb"},"inLanguage":"pt-BR","potentialAction":[{"@type":"ReadAction","target":["https:\/\/mtp.com.br\/index.php\/fornecedores-2\/"]}]},{"@type":"BreadcrumbList","@id":"https:\/\/mtp.com.br\/index.php\/fornecedores-2\/#breadcrumb","itemListElement":[{"@type":"ListItem","position":1,"name":"Home","item":"https:\/\/mtp.com.br\/index.php\/home\/"},{"@type":"ListItem","position":2,"name":"Fornecedores"}]},{"@type":"WebSite","@id":"https:\/\/mtp.com.br\/#website","url":"https:\/\/mtp.com.br\/","name":"MTP Global","description":"","publisher":{"@id":"https:\/\/mtp.com.br\/#organization"},"potentialAction":[{"@type":"SearchAction","target":{"@type":"EntryPoint","urlTemplate":"https:\/\/mtp.com.br\/?s={search_term_string}"},"query-input":{"@type":"PropertyValueSpecification","valueRequired":true,"valueName":"search_term_string"}}],"inLanguage":"pt-BR"},{"@type":"Organization","@id":"https:\/\/mtp.com.br\/#organization","name":"MTP Global","url":"https:\/\/mtp.com.br\/","logo":{"@type":"ImageObject","inLanguage":"pt-BR","@id":"https:\/\/mtp.com.br\/#\/schema\/logo\/image\/","url":"https:\/\/mtp.com.br\/wp-content\/uploads\/2024\/07\/MTP-global.png","contentUrl":"https:\/\/mtp.com.br\/wp-content\/uploads\/2024\/07\/MTP-global.png","width":1200,"height":400,"caption":"MTP Global"},"image":{"@id":"https:\/\/mtp.com.br\/#\/schema\/logo\/image\/"}}]}},"_links":{"self":[{"href":"https:\/\/mtp.com.br\/index.php\/wp-json\/wp\/v2\/pages\/5381","targetHints":{"allow":["GET"]}}],"collection":[{"href":"https:\/\/mtp.com.br\/index.php\/wp-json\/wp\/v2\/pages"}],"about":[{"href":"https:\/\/mtp.com.br\/index.php\/wp-json\/wp\/v2\/types\/page"}],"author":[{"embeddable":true,"href":"https:\/\/mtp.com.br\/index.php\/wp-json\/wp\/v2\/users\/1"}],"replies":[{"embeddable":true,"href":"https:\/\/mtp.com.br\/index.php\/wp-json\/wp\/v2\/comments?post=5381"}],"version-history":[{"count":0,"href":"https:\/\/mtp.com.br\/index.php\/wp-json\/wp\/v2\/pages\/5381\/revisions"}],"wp:attachment":[{"href":"https:\/\/mtp.com.br\/index.php\/wp-json\/wp\/v2\/media?parent=5381"}],"curies":[{"name":"wp","href":"https:\/\/api.w.org\/{rel}","templated":true}]}}