{"id":5049,"date":"2024-06-25T14:31:54","date_gmt":"2024-06-25T14:31:54","guid":{"rendered":"http:\/\/18.210.184.31\/mtp.global\/?page_id=5049"},"modified":"2025-06-23T14:11:04","modified_gmt":"2025-06-23T17:11:04","slug":"learning-and-certifications","status":"publish","type":"page","link":"https:\/\/mtp.com.br\/index.php\/learning-and-certifications\/","title":{"rendered":"Learning and Certifications"},"content":{"rendered":"<div id='layer_slider_1'  class='avia-layerslider main_color avia-shadow  avia-builder-el-0  el_before_av_section  avia-builder-el-first  container_wrap fullsize'  style='height: 701px; max-width: 1410px; margin: 0 auto;'  ><\/div>\n\n<style type=\"text\/css\" data-created_by=\"avia_inline_auto\" id=\"style-css-av-7iy1vd-889caffa9dc1e4d3b0d87887d887e291\">\n.avia-section.av-7iy1vd-889caffa9dc1e4d3b0d87887d887e291{\nbackground-color:#103f56;\nbackground-image:url(https:\/\/mtp.com.br\/wp-content\/uploads\/2024\/05\/bg-wepartner-scaled.jpg);\nbackground-repeat:no-repeat;\nbackground-position:50% 50%;\nbackground-attachment:scroll;\n}\n<\/style>\n<div id='av_section_1'  class='avia-section av-7iy1vd-889caffa9dc1e4d3b0d87887d887e291 main_color avia-section-large avia-no-border-styling  avia-builder-el-1  el_after_av_layerslider  el_before_av_section  leadership-digitransform bgimagefilter avia-full-stretch avia-bg-style-scroll container_wrap fullsize'  data-section-bg-repeat='stretch'><div class='container av-section-cont-open' ><div class='template-page content  av-content-full alpha units'><div class='post-entry post-entry-type-page post-entry-5049'><div class='entry-content-wrapper clearfix'>\n\n<style type=\"text\/css\" data-created_by=\"avia_inline_auto\" id=\"style-css-av-69dqy1-d4de3577ca1e2e68bd668e68b417b921\">\n.flex_column.av-69dqy1-d4de3577ca1e2e68bd668e68b417b921{\npadding:50px 0 50px 0;\n}\n<\/style>\n<div  class='flex_column av-69dqy1-d4de3577ca1e2e68bd668e68b417b921 av_one_full  avia-builder-el-2  avia-builder-el-no-sibling  first flex_column_div  '     ><style type=\"text\/css\" data-created_by=\"avia_inline_auto\" id=\"style-css-av-lxuju67m-f5e93d48818ca98c3fd3755231e63b07\">\n#top .av_textblock_section.av-lxuju67m-f5e93d48818ca98c3fd3755231e63b07 .avia_textblock{\nfont-size:22px;\ncolor:#ffffff;\ntext-align:center;\n}\n<\/style>\n<section  class='av_textblock_section av-lxuju67m-f5e93d48818ca98c3fd3755231e63b07 '   itemscope=\"itemscope\" itemtype=\"https:\/\/schema.org\/CreativeWork\" ><div class='avia_textblock av_inherit_color'  itemprop=\"text\" ><h2 id=\"businesstransformation\" style=\"font-size: 45px; text-align: center;\">Business transformation is the<br \/>\ntransformation of people<\/h2>\n<p style=\"text-align: center;\">MTP has been developing for years an extensive training program specialized in the main disciplines with the aim of preparing future professionals to acquire the necessary skills and discover the new market trends in IT.<\/p>\n<p style=\"text-align: center;\">We offer up-to-date learning, adapted to the specific needs of teams to acquire technological skills and promote innovation.<\/p>\n<p style=\"text-align: center;\">Our certified training area covers the most diverse needs of organizations, providing teams with the talent and knowledge necessary to optimize the critical areas of their companies&#8217; businesses.<\/p>\n<\/div><\/section><\/div>\n\n<\/div><\/div><\/div><!-- close content main div --><\/div><\/div><div id='tabs_wrap'  class='avia-section av-frga1-f6437ce2460304f49a9b989322f36118 main_color avia-section-default avia-no-border-styling  avia-builder-el-4  el_after_av_section  el_before_av_section  avia-bg-style-scroll container_wrap fullsize'  ><div class='container av-section-cont-open' ><div class='template-page content  av-content-full alpha units'><div class='post-entry post-entry-type-page post-entry-5049'><div class='entry-content-wrapper clearfix'>\n<div  class='flex_column av-2awpvt-eefe700629dc5657c8ef80f8ff8f0885 av_one_full  avia-builder-el-5  avia-builder-el-no-sibling  first flex_column_div  '     ><\/div>\n\n<\/div><\/div><\/div><!-- close content main div --><\/div><\/div>\n<style type=\"text\/css\" data-created_by=\"avia_inline_auto\" id=\"style-css-av-e46fkp-9cfefecc8cc1b0b9d0c1b6bdaf31d49c\">\n.avia-section.av-e46fkp-9cfefecc8cc1b0b9d0c1b6bdaf31d49c .av-extra-border-element .av-extra-border-inner{\nbackground-color:#ffffff;\n}\n<\/style>\n<div id='contactform'  class='avia-section av-e46fkp-9cfefecc8cc1b0b9d0c1b6bdaf31d49c main_color avia-section-huge avia-no-border-styling  avia-builder-el-7  el_after_av_section  avia-builder-el-last  avia-bg-style-scroll av-arrow-down-section container_wrap fullsize'  ><div class='container av-section-cont-open' ><div class='template-page content  av-content-full alpha units'><div class='post-entry post-entry-type-page post-entry-5049'><div class='entry-content-wrapper clearfix'>\n\n<style type=\"text\/css\" data-created_by=\"avia_inline_auto\" id=\"style-css-av-cdj7ax-39a4887ce4b843d16602d4e38886e0f4\">\n#top .av-special-heading.av-cdj7ax-39a4887ce4b843d16602d4e38886e0f4{\npadding-bottom:10px;\ncolor:#024a6d;\nfont-size:48px;\n}\nbody .av-special-heading.av-cdj7ax-39a4887ce4b843d16602d4e38886e0f4 .av-special-heading-tag .heading-char{\nfont-size:25px;\n}\n#top #wrap_all .av-special-heading.av-cdj7ax-39a4887ce4b843d16602d4e38886e0f4 .av-special-heading-tag{\nfont-size:48px;\n}\n.av-special-heading.av-cdj7ax-39a4887ce4b843d16602d4e38886e0f4 .special-heading-inner-border{\nborder-color:#024a6d;\n}\n.av-special-heading.av-cdj7ax-39a4887ce4b843d16602d4e38886e0f4 .av-subheading{\nfont-size:15px;\n}\n\n@media only screen and (min-width: 480px) and (max-width: 767px){ \n#top #wrap_all .av-special-heading.av-cdj7ax-39a4887ce4b843d16602d4e38886e0f4 .av-special-heading-tag{\nfont-size:0.8em;\n}\n}\n\n@media only screen and (max-width: 479px){ \n#top #wrap_all .av-special-heading.av-cdj7ax-39a4887ce4b843d16602d4e38886e0f4 .av-special-heading-tag{\nfont-size:0.8em;\n}\n}\n<\/style>\n<div  id=\"lets-talk\"  class='av-special-heading av-cdj7ax-39a4887ce4b843d16602d4e38886e0f4 av-special-heading-h2 custom-color-heading blockquote modern-quote modern-centered  avia-builder-el-8  el_before_av_one_half  avia-builder-el-first  av-inherit-size'><h2 class='av-special-heading-tag '  itemprop=\"headline\"  >VAMOS CONVERSAR<\/h2><div class=\"special-heading-border\"><div class=\"special-heading-inner-border\"><\/div><\/div><\/div>\n<div class='flex_column_table av-13ond5-761909548ad747d55543815ff91f4040 sc-av_one_half av-equal-height-column-flextable'>\n<style type=\"text\/css\" data-created_by=\"avia_inline_auto\" id=\"style-css-av-13ond5-761909548ad747d55543815ff91f4040\">\n#top .flex_column_table.av-equal-height-column-flextable.av-13ond5-761909548ad747d55543815ff91f4040{\nmargin-top:50px;\nmargin-bottom:50px;\n}\n.flex_column.av-13ond5-761909548ad747d55543815ff91f4040{\nborder-radius:0px 0px 0px 0px;\npadding:0px 0px 0px 0px;\n}\n<\/style>\n<div  class='flex_column av-13ond5-761909548ad747d55543815ff91f4040 av_one_half  avia-builder-el-9  el_after_av_heading  el_before_av_one_half  first no_margin flex_column_table_cell av-equal-height-column av-align-top av-animated-generic left-to-right av-zero-column-padding  '     ><p><section  class='av_textblock_section av-9md8s9-fede0d3fc08a6b471256c2bf056eb1d9 '   itemscope=\"itemscope\" itemtype=\"https:\/\/schema.org\/CreativeWork\" ><div class='avia_textblock'  itemprop=\"text\" ><p><span style=\"color: #000000; font-size: 24px; font-weight: 500;\">Fale Conosco<\/span><\/p>\n<\/div><\/section><br \/>\n<section  class='av_textblock_section av-6suepl-cfeaed169fe1d7ac569b785362352cac '   itemscope=\"itemscope\" itemtype=\"https:\/\/schema.org\/CreativeWork\" ><div class='avia_textblock'  itemprop=\"text\" ><div class=\"forminator-ui forminator-custom-form forminator-custom-form-4526 forminator-design--flat  forminator_ajax\" data-forminator-render=\"0\" data-form=\"forminator-module-4526\" data-uid=\"69d7a1478d68d\"><br\/><\/div><form\r\n\t\t\t\tid=\"forminator-module-4526\"\r\n\t\t\t\tclass=\"forminator-ui forminator-custom-form forminator-custom-form-4526 forminator-design--flat  forminator_ajax\"\r\n\t\t\t\tmethod=\"post\"\r\n\t\t\t\tdata-forminator-render=\"0\"\r\n\t\t\t\tdata-form-id=\"4526\"\r\n\t\t\t\t\r\n\t\t\t\tdata-design=\"flat\"\r\n\t\t\t\t\r\n\t\t\t\t\r\n\t\t\t\t\r\n\t\t\t\tdata-grid=\"open\"\r\n\t\t\t\t\r\n\t\t\t\t\r\n\t\t\t\tstyle=\"display: none;\"\r\n\t\t\t\t\r\n\t\t\t\tdata-uid=\"69d7a1478d68d\"\r\n\t\t\t><div role=\"alert\" aria-live=\"polite\" class=\"forminator-response-message forminator-error\" aria-hidden=\"true\"><\/div><div class=\"forminator-row\"><div id=\"html-1\" class=\"forminator-field-html forminator-col forminator-col-12 \"><div class=\"forminator-field forminator-merge-tags\" data-field=\"html-1\"><p style=\"font-size: 12px\">*Campos obrigat\u00f3rios<\/p><\/div><\/div><\/div><div class=\"forminator-row\"><div id=\"select-1\" class=\"forminator-field-select forminator-col forminator-col-6 \"><div class=\"forminator-field\"><label for=\"forminator-form-4526__field--select-1_69d7a1478d68d\" id=\"forminator-form-4526__field--select-1_69d7a1478d68d-label\" class=\"forminator-label\">Selecionar pa\u00eds <span class=\"forminator-required\">*<\/span><\/label><select  id=\"forminator-form-4526__field--select-1_69d7a1478d68d\" class=\"forminator-select--field forminator-select2 forminator-select2-multiple\" data-required=\"1\" name=\"select-1\" data-default-value=\"\" data-hidden-behavior=\"zero\" data-placeholder=\"Selecionar pa\u00eds\" data-search=\"false\" data-search-placeholder=\"Selecionar pa\u00eds\" data-checkbox=\"false\" data-allow-clear=\"false\" aria-labelledby=\"forminator-form-4526__field--select-1_69d7a1478d68d-label\"><option value=\"Brazil\"  data-calculation=\"0\">Brasil<\/option><option value=\"one\"  data-calculation=\"0\">Espanha<\/option><option value=\"two\"  data-calculation=\"0\">M\u00e9xico<\/option><\/select><\/div><\/div><div id=\"name-1\" class=\"forminator-field-name forminator-col forminator-col-6 \"><div class=\"forminator-field\"><label for=\"forminator-field-name-1_69d7a1478d68d\" id=\"forminator-field-name-1_69d7a1478d68d-label\" class=\"forminator-label\">Nome <span class=\"forminator-required\">*<\/span><\/label><input type=\"text\" name=\"name-1\" value=\"\" placeholder=\"Nome e Sobrenome*\" id=\"forminator-field-name-1_69d7a1478d68d\" class=\"forminator-input forminator-name--field\" aria-required=\"true\" \/><\/div><\/div><\/div><div class=\"forminator-row\"><div id=\"email-1\" class=\"forminator-field-email forminator-col forminator-col-12 \"><div class=\"forminator-field\"><label for=\"forminator-field-email-1_69d7a1478d68d\" id=\"forminator-field-email-1_69d7a1478d68d-label\" class=\"forminator-label\">E-mail corporativo <span class=\"forminator-required\">*<\/span><\/label><input type=\"email\" name=\"email-1\" value=\"\" placeholder=\"E-mail corporativo\" id=\"forminator-field-email-1_69d7a1478d68d\" class=\"forminator-input forminator-email--field\" data-required=\"1\" aria-required=\"true\" \/><\/div><\/div><\/div><div class=\"forminator-row\"><div id=\"text-1\" class=\"forminator-field-text forminator-col forminator-col-6 \"><div class=\"forminator-field\"><label for=\"forminator-field-text-1_69d7a1478d68d\" id=\"forminator-field-text-1_69d7a1478d68d-label\" class=\"forminator-label\">Empresa <span class=\"forminator-required\">*<\/span><\/label><input type=\"text\" name=\"text-1\" value=\"\" placeholder=\"Empresa\" id=\"forminator-field-text-1_69d7a1478d68d\" class=\"forminator-input forminator-name--field\" data-required=\"1\" \/><\/div><\/div><div id=\"phone-1\" class=\"forminator-field-phone forminator-col forminator-col-6 \"><div class=\"forminator-field\"><label for=\"forminator-field-phone-1_69d7a1478d68d\" id=\"forminator-field-phone-1_69d7a1478d68d-label\" class=\"forminator-label\">Telefone<\/label><input type=\"text\" name=\"phone-1\" value=\"\" placeholder=\"Ex. +55 11 91234 5678\" id=\"forminator-field-phone-1_69d7a1478d68d\" class=\"forminator-input forminator-field--phone\" data-required=\"\" aria-required=\"false\" autocomplete=\"off\" \/><\/div><\/div><\/div><div class=\"forminator-row\"><div id=\"select-2\" class=\"forminator-field-select forminator-col forminator-col-6 \"><div class=\"forminator-field\"><label for=\"forminator-form-4526__field--select-2_69d7a1478d68d\" id=\"forminator-form-4526__field--select-2_69d7a1478d68d-label\" class=\"forminator-label\">Selecionar assunto <span class=\"forminator-required\">*<\/span><\/label><select  id=\"forminator-form-4526__field--select-2_69d7a1478d68d\" class=\"forminator-select--field forminator-select2 forminator-select2-multiple\" data-required=\"1\" name=\"select-2\" data-default-value=\"\" data-hidden-behavior=\"zero\" data-placeholder=\"Selecionar assunto\" data-search=\"false\" data-search-placeholder=\"Selecionar assunto\" data-checkbox=\"false\" data-allow-clear=\"false\" aria-labelledby=\"forminator-form-4526__field--select-2_69d7a1478d68d-label\"><option value=\"one\"  data-calculation=\"0\">Solicita\u00e7\u00e3o de Proposta Comercial<\/option><option value=\"two\"  data-calculation=\"0\">Solicita\u00e7\u00e3o de informa\u00e7\u00f5es<\/option><option value=\"Comentarios-y-sugerencias\"  data-calculation=\"0\">Parcerias<\/option><option value=\"Colaboraciones-y-Alianzas\"  data-calculation=\"0\">Coment\u00e1rios e sugest\u00f5es<\/option><option value=\"Preguntas-sobre-servicios\"  data-calculation=\"0\">Outros assuntos<\/option><\/select><\/div><\/div><div id=\"select-3\" class=\"forminator-field-select forminator-col forminator-col-6 \"><div class=\"forminator-field\"><label for=\"forminator-form-4526__field--select-3_69d7a1478d68d\" id=\"forminator-form-4526__field--select-3_69d7a1478d68d-label\" class=\"forminator-label\">Como conheceu a MTP <span class=\"forminator-required\">*<\/span><\/label><select  id=\"forminator-form-4526__field--select-3_69d7a1478d68d\" class=\"forminator-select--field forminator-select2 forminator-select2-multiple\" data-required=\"1\" name=\"select-3\" data-default-value=\"\" data-hidden-behavior=\"zero\" data-placeholder=\"Como conheceu a MTP\" data-search=\"false\" data-search-placeholder=\"Como conheceu a MTP\" data-checkbox=\"false\" data-allow-clear=\"false\" aria-labelledby=\"forminator-form-4526__field--select-3_69d7a1478d68d-label\"><option value=\"one\"  data-calculation=\"0\">Indica\u00e7\u00e3o<\/option><option value=\"two\"  data-calculation=\"0\">Evento<\/option><option value=\"Comentarios-y-sugerencias\"  data-calculation=\"0\">Google<\/option><option value=\"Colaboraciones-y-Alianzas\"  data-calculation=\"0\">LinkedIn<\/option><option value=\"Preguntas-sobre-servicios\"  data-calculation=\"0\">Instagram<\/option><option value=\"Facebook\"  data-calculation=\"0\">Facebook<\/option><\/select><\/div><\/div><\/div><div class=\"forminator-row\"><div id=\"textarea-1\" class=\"forminator-field-textarea forminator-col forminator-col-12 \"><div class=\"forminator-field\"><label for=\"forminator-field-textarea-1_69d7a1478d68d\" id=\"forminator-field-textarea-1_69d7a1478d68d-label\" class=\"forminator-label\">Mensagem <span class=\"forminator-required\">*<\/span><\/label><textarea name=\"textarea-1\" placeholder=\"\" id=\"forminator-field-textarea-1_69d7a1478d68d\" class=\"forminator-textarea\" rows=\"6\" style=\"min-height:140px;\" ><\/textarea><\/div><\/div><\/div><div class=\"forminator-row\"><div id=\"consent-1\" class=\"forminator-field-consent forminator-col forminator-col-12 \"><div class=\"forminator-field\"><label for=\"forminator-field-consent-1_69d7a1478d68d\" id=\"forminator-field-consent-1_69d7a1478d68d-label\" class=\"forminator-label\">Consentimento <span class=\"forminator-required\">*<\/span><\/label><div class=\"forminator-checkbox__wrapper\"><label for=\"forminator-field-consent-1_69d7a1478d68d\" id=\"forminator-field-consent-1_69d7a1478d68d__label\" class=\"forminator-checkbox forminator-consent\" style=\"margin: 0;\"><input type=\"checkbox\" name=\"consent-1\" id=\"forminator-field-consent-1_69d7a1478d68d\" value=\"checked\" aria-labelledby=\"forminator-field-consent-1_69d7a1478d68d-label\" aria-describedby=\"forminator-field-consent-1_69d7a1478d68d__description\" data-required=\"true\" aria-required=\"true\" \/><span class=\"forminator-checkbox-box\" aria-hidden=\"true\"><\/span><\/label><div id=\"forminator-field-consent-1_69d7a1478d68d__description\" class=\"forminator-checkbox__label forminator-consent__label\"><p>Li e concordo com a <a rel=\"noopener\" target=\"_blank\" href=\"https:\/\/mtp.com.br\/index.php\/privacy-policy\/\">pol\u00edtica de privacidade<\/a><\/p><\/div><\/div><\/div><\/div><\/div><input type=\"hidden\" name=\"referer_url\" value=\"\" \/><div class=\"forminator-row forminator-row-last\"><div class=\"forminator-col\"><div class=\"forminator-field\"><button class=\"forminator-button forminator-button-submit\">Enviar<\/button><\/div><\/div><\/div><input type=\"hidden\" id=\"forminator_nonce\" name=\"forminator_nonce\" value=\"b3afa32198\" \/><input type=\"hidden\" name=\"_wp_http_referer\" value=\"\/index.php\/wp-json\/wp\/v2\/pages\/5049\" \/><input type=\"hidden\" name=\"form_id\" value=\"4526\"><input type=\"hidden\" name=\"page_id\" value=\"5049\"><input type=\"hidden\" name=\"form_type\" value=\"default\"><input type=\"hidden\" name=\"current_url\" value=\"https:\/\/mtp.com.br\/index.php\/learning-and-certifications\/\"><input type=\"hidden\" name=\"render_id\" value=\"0\"><input type=\"hidden\" name=\"action\" value=\"forminator_submit_form_custom-forms\"><\/form>\n<\/div><\/section><\/p><\/div>\n<style type=\"text\/css\" data-created_by=\"avia_inline_auto\" id=\"style-css-av-6cpk7t-1bcfb142f9b845d590d59d7e85846b09\">\n#top .flex_column_table.av-equal-height-column-flextable.av-6cpk7t-1bcfb142f9b845d590d59d7e85846b09{\nmargin-top:50px;\nmargin-bottom:50px;\n}\n.flex_column.av-6cpk7t-1bcfb142f9b845d590d59d7e85846b09{\nborder-radius:0px 0px 0px 0px;\npadding:50px 50px 50px 50px;\nbackground-color:rgba(255,255,255,0.85);\n}\n<\/style>\n<div  class='flex_column av-6cpk7t-1bcfb142f9b845d590d59d7e85846b09 av_one_half  avia-builder-el-12  el_after_av_one_half  avia-builder-el-last  no_margin flex_column_table_cell av-equal-height-column av-align-top av-animated-generic left-to-right  '     ><p><section  class='av_textblock_section av-hgjcp-d8b08ef9f20d2018622965d0eee701a7 '   itemscope=\"itemscope\" itemtype=\"https:\/\/schema.org\/CreativeWork\" ><div class='avia_textblock'  itemprop=\"text\" ><p><span style=\"color: #000000; display: block; font-size: 26px; font-weight: 500; line-height: 32px; margin: 0 0 20px;\">Na MTP trabalhamos com clientes no mundo todo.<\/span><\/p>\n<p><span style=\"display: block; padding: 0 0 20px;\">Atualmente, temos escrit\u00f3rios na Europa e na Am\u00e9rica, de onde ajudamos os principais players do mundo nos principais setores econ\u00f4micos.<\/span><\/p>\n<p><span style=\"color: #000000; display: block; font-size: 26px; font-weight: 500; line-height: 32px; margin: 0 0 20px;\">\u00a0<\/span><\/p>\n<\/div><\/section><br \/>\n\n<style type=\"text\/css\" data-created_by=\"avia_inline_auto\" id=\"style-css-av-2vs6cp-9e20551a336749e04cd51a10f627a9f5\">\n#top .av_textblock_section.av-2vs6cp-9e20551a336749e04cd51a10f627a9f5 .avia_textblock{\nfont-size:24px;\ncolor:#101246;\n}\n<\/style>\n<section  class='av_textblock_section av-2vs6cp-9e20551a336749e04cd51a10f627a9f5 '   itemscope=\"itemscope\" itemtype=\"https:\/\/schema.org\/CreativeWork\" ><div class='avia_textblock av_inherit_color'  itemprop=\"text\" ><p><strong>Brasil<\/strong><br \/>\n<strong>Espanha<\/strong><br \/>\n<strong>M\u00e9xico<\/strong><\/p>\n<\/div><\/section><\/p><\/div><\/div><!--close column table wrapper. Autoclose: 1 -->\n","protected":false},"excerpt":{"rendered":"","protected":false},"author":1,"featured_media":0,"parent":0,"menu_order":4,"comment_status":"closed","ping_status":"closed","template":"","meta":{"footnotes":""},"class_list":["post-5049","page","type-page","status-publish","hentry"],"yoast_head":"<!-- This site is optimized with the Yoast SEO plugin v25.1 - https:\/\/yoast.com\/wordpress\/plugins\/seo\/ -->\n<title>Learning and Certifications - MTP Global<\/title>\n<meta name=\"description\" content=\"Advance your knowledge with MTP Global&#039;s learning programs and industry-recognized certifications.\" \/>\n<meta name=\"robots\" content=\"index, follow, max-snippet:-1, max-image-preview:large, max-video-preview:-1\" \/>\n<link rel=\"canonical\" href=\"https:\/\/mtp.com.br\/index.php\/learning-and-certifications\/\" \/>\n<meta property=\"og:locale\" content=\"pt_BR\" \/>\n<meta property=\"og:type\" content=\"article\" \/>\n<meta property=\"og:title\" content=\"Learning and Certifications - MTP Global\" \/>\n<meta property=\"og:description\" content=\"Advance your knowledge with MTP Global&#039;s learning programs and industry-recognized certifications.\" \/>\n<meta property=\"og:url\" content=\"https:\/\/mtp.com.br\/index.php\/learning-and-certifications\/\" \/>\n<meta property=\"og:site_name\" content=\"MTP Global\" \/>\n<meta property=\"article:modified_time\" content=\"2025-06-23T17:11:04+00:00\" \/>\n<meta property=\"og:image\" content=\"https:\/\/mtp.com.br\/wp-content\/uploads\/2024\/06\/soft-qa.jpg\" \/>\n<meta name=\"twitter:card\" content=\"summary_large_image\" \/>\n<meta name=\"twitter:label1\" content=\"Est. tempo de leitura\" \/>\n\t<meta name=\"twitter:data1\" content=\"2 minutos\" \/>\n<!-- \/ Yoast SEO plugin. -->","yoast_head_json":{"title":"Learning and Certifications - MTP Global","description":"Advance your knowledge with MTP Global's learning programs and industry-recognized certifications.","robots":{"index":"index","follow":"follow","max-snippet":"max-snippet:-1","max-image-preview":"max-image-preview:large","max-video-preview":"max-video-preview:-1"},"canonical":"https:\/\/mtp.com.br\/index.php\/learning-and-certifications\/","og_locale":"pt_BR","og_type":"article","og_title":"Learning and Certifications - MTP Global","og_description":"Advance your knowledge with MTP Global's learning programs and industry-recognized certifications.","og_url":"https:\/\/mtp.com.br\/index.php\/learning-and-certifications\/","og_site_name":"MTP Global","article_modified_time":"2025-06-23T17:11:04+00:00","og_image":[{"url":"https:\/\/mtp.com.br\/wp-content\/uploads\/2024\/06\/soft-qa.jpg","type":"","width":"","height":""}],"twitter_card":"summary_large_image","twitter_misc":{"Est. tempo de leitura":"2 minutos"},"schema":{"@context":"https:\/\/schema.org","@graph":[{"@type":"WebPage","@id":"https:\/\/mtp.com.br\/index.php\/learning-and-certifications\/","url":"https:\/\/mtp.com.br\/index.php\/learning-and-certifications\/","name":"Learning and Certifications - MTP Global","isPartOf":{"@id":"https:\/\/mtp.com.br\/#website"},"primaryImageOfPage":{"@id":"https:\/\/mtp.com.br\/index.php\/learning-and-certifications\/#primaryimage"},"image":{"@id":"https:\/\/mtp.com.br\/index.php\/learning-and-certifications\/#primaryimage"},"thumbnailUrl":"https:\/\/mtp.com.br\/wp-content\/uploads\/2024\/06\/soft-qa.jpg","datePublished":"2024-06-25T14:31:54+00:00","dateModified":"2025-06-23T17:11:04+00:00","description":"Advance your knowledge with MTP Global's learning programs and industry-recognized certifications.","breadcrumb":{"@id":"https:\/\/mtp.com.br\/index.php\/learning-and-certifications\/#breadcrumb"},"inLanguage":"pt-BR","potentialAction":[{"@type":"ReadAction","target":["https:\/\/mtp.com.br\/index.php\/learning-and-certifications\/"]}]},{"@type":"ImageObject","inLanguage":"pt-BR","@id":"https:\/\/mtp.com.br\/index.php\/learning-and-certifications\/#primaryimage","url":"https:\/\/mtp.com.br\/wp-content\/uploads\/2024\/06\/soft-qa.jpg","contentUrl":"https:\/\/mtp.com.br\/wp-content\/uploads\/2024\/06\/soft-qa.jpg","width":782,"height":498},{"@type":"BreadcrumbList","@id":"https:\/\/mtp.com.br\/index.php\/learning-and-certifications\/#breadcrumb","itemListElement":[{"@type":"ListItem","position":1,"name":"Home","item":"https:\/\/mtp.com.br\/index.php\/home\/"},{"@type":"ListItem","position":2,"name":"Learning and Certifications"}]},{"@type":"WebSite","@id":"https:\/\/mtp.com.br\/#website","url":"https:\/\/mtp.com.br\/","name":"MTP Global","description":"","publisher":{"@id":"https:\/\/mtp.com.br\/#organization"},"potentialAction":[{"@type":"SearchAction","target":{"@type":"EntryPoint","urlTemplate":"https:\/\/mtp.com.br\/?s={search_term_string}"},"query-input":{"@type":"PropertyValueSpecification","valueRequired":true,"valueName":"search_term_string"}}],"inLanguage":"pt-BR"},{"@type":"Organization","@id":"https:\/\/mtp.com.br\/#organization","name":"MTP Global","url":"https:\/\/mtp.com.br\/","logo":{"@type":"ImageObject","inLanguage":"pt-BR","@id":"https:\/\/mtp.com.br\/#\/schema\/logo\/image\/","url":"https:\/\/mtp.com.br\/wp-content\/uploads\/2024\/07\/MTP-global.png","contentUrl":"https:\/\/mtp.com.br\/wp-content\/uploads\/2024\/07\/MTP-global.png","width":1200,"height":400,"caption":"MTP Global"},"image":{"@id":"https:\/\/mtp.com.br\/#\/schema\/logo\/image\/"}}]}},"_links":{"self":[{"href":"https:\/\/mtp.com.br\/index.php\/wp-json\/wp\/v2\/pages\/5049","targetHints":{"allow":["GET"]}}],"collection":[{"href":"https:\/\/mtp.com.br\/index.php\/wp-json\/wp\/v2\/pages"}],"about":[{"href":"https:\/\/mtp.com.br\/index.php\/wp-json\/wp\/v2\/types\/page"}],"author":[{"embeddable":true,"href":"https:\/\/mtp.com.br\/index.php\/wp-json\/wp\/v2\/users\/1"}],"replies":[{"embeddable":true,"href":"https:\/\/mtp.com.br\/index.php\/wp-json\/wp\/v2\/comments?post=5049"}],"version-history":[{"count":0,"href":"https:\/\/mtp.com.br\/index.php\/wp-json\/wp\/v2\/pages\/5049\/revisions"}],"wp:attachment":[{"href":"https:\/\/mtp.com.br\/index.php\/wp-json\/wp\/v2\/media?parent=5049"}],"curies":[{"name":"wp","href":"https:\/\/api.w.org\/{rel}","templated":true}]}}